{"id":11280,"date":"2024-05-14T19:45:48","date_gmt":"2024-05-14T19:45:48","guid":{"rendered":"https:\/\/www.bsbprint.com.br\/loja\/?post_type=product&#038;p=11280"},"modified":"2024-05-21T01:10:06","modified_gmt":"2024-05-21T01:10:06","slug":"kit-4-refil-de-tinta-compativel-hp-hp-gt-5810-hp-gt-5820-hp-gt-5822-hp-416hp-412","status":"publish","type":"product","link":"https:\/\/www.bsbprint.com.br\/loja\/produto\/kit-4-refil-de-tinta-compativel-hp-hp-gt-5810-hp-gt-5820-hp-gt-5822-hp-416hp-412\/","title":{"rendered":"Kit 4 Refil De Tinta Compat\u00edvel Hp HP GT 5810 &#8211; HP GT 5820 &#8211; HP GT 5822 HP 416HP 412"},"content":{"rendered":"<h2 class=\"WjNdTR\">Descri\u00e7\u00e3o Do Produto<\/h2>\n<div class=\"Gf4Ro0\">\n<div class=\"e8lZp3\">\n<p class=\"QN2lPu\">Kit 4 Refil Tinta Hp Gt51 Preto e Gt52 Color Original HP Gt5822 Itens para uso nos modelos de impressoras: HP GT 5810 &#8211; HP GT 5820 &#8211; HP GT 5822 HP 416 &#8211; HP 412 &#8211; HP 316 &#8211; HP 116 Caracter\u00edsticas: &#8211; Secagem ultra-r\u00e1pida &#8211; N\u00e3o entope a cabe\u00e7a de impress\u00e3o &#8211; N\u00e3o danifica a impressora &#8211; Qualidade fotogr\u00e1fica Tenha rendimento de impress\u00e3o de p\u00e1ginas mais alto que qualquer outra impressora da categoria, usando produtos originais. Conte\u00fado: 1 Refil de Tinta HP Black | 90ML TOTAL 1 Refil de Tinta HP Ciano | 70ML 1 Refil de Tinta HP Amarelo | 70ML 1 Refil de Tinta HP Magenta | 70ML D\u00daVIDAS ESTAMOS \u00c1 DISPOSI\u00c7\u00c3O. BOAS COMPRAS! Kit 4 Refil De Tinta Original Hp Gt51 Gt52 Para Impressora Hp Gt5822 Hp Gt5810 Hp Gt5820 Hp 416 Hp 412 Hp 316 Hp 116 HP INKTANK 316, 416, GT51, GT52, Serie 8000, GT5822 Papel e Cobertura Usados no C\u00e1lculo do Rendimento: A4 com 5% de Cobertura Kit 4 Refil De Tinta Original Hp Gt51 Gt52 Para Impressora Hp Gt5822 Hp Gt5810 Hp Gt5820 Hp 416 Hp 412 Hp 316 Hp 116 Para uso nas Impressoras HP: Deskjet HP GT5810 Deskjet HP GT5820 Deskjet HP GT5822 Multifuncional Tanque de Tinta HP 416 Multifuncional Tanque de Tinta HP 412 Multifuncional Tanque de Tinta HP 316 Multifuncional Tanque de Tinta HP 116 Kit com Refil de Tinta Original Hp Preto, Ciano, Amarelo e Magenta oferece o melhor em qualidade e durabilidade para suas impress\u00f5es. Possui rendimento de p\u00e1gina mais alto de qualquer outra Impressora da categoria. A garrafa de Tinta possui um exclusivo sistema anti-vazamento. Imprima documentos de texto com qualidade Laser. Este produto possui alt\u00edssimo rendimento e desempenho em impress\u00f5es claras e n\u00edtidas. Pode ser utilizado nas Impressoras seguintes: Hp DeskJet Gt-5822. * Resultados superiores para impress\u00f5es di\u00e1rias. * Impress\u00f5es livres de falhas, cores n\u00edtidas, vibrantes e alta qualidade gr\u00e1fica. * Performance e desempenho superior. * Obtenha alta performance, com a qualidade Conte\u00fado da embalagem: 1 Refil Black &#8211; 90 ml 1 Refil Cyan &#8211; 70ml 1 Refil Magenta &#8211; 70ml 1 Refil Yellow &#8211; 70ml<\/p>\n<\/div>\n<\/div>\n","protected":false},"excerpt":{"rendered":"<p>Descri\u00e7\u00e3o Do Produto Kit 4 Refil Tinta Hp Gt51 Preto e Gt52 Color Original HP Gt5822 Itens para uso nos&hellip;<\/p>\n","protected":false},"featured_media":11283,"comment_status":"open","ping_status":"closed","template":"","meta":[],"product_cat":[242],"product_tag":[320,324,321,323,322,319],"_links":{"self":[{"href":"https:\/\/www.bsbprint.com.br\/loja\/wp-json\/wp\/v2\/product\/11280"}],"collection":[{"href":"https:\/\/www.bsbprint.com.br\/loja\/wp-json\/wp\/v2\/product"}],"about":[{"href":"https:\/\/www.bsbprint.com.br\/loja\/wp-json\/wp\/v2\/types\/product"}],"replies":[{"embeddable":true,"href":"https:\/\/www.bsbprint.com.br\/loja\/wp-json\/wp\/v2\/comments?post=11280"}],"wp:featuredmedia":[{"embeddable":true,"href":"https:\/\/www.bsbprint.com.br\/loja\/wp-json\/wp\/v2\/media\/11283"}],"wp:attachment":[{"href":"https:\/\/www.bsbprint.com.br\/loja\/wp-json\/wp\/v2\/media?parent=11280"}],"wp:term":[{"taxonomy":"product_cat","embeddable":true,"href":"https:\/\/www.bsbprint.com.br\/loja\/wp-json\/wp\/v2\/product_cat?post=11280"},{"taxonomy":"product_tag","embeddable":true,"href":"https:\/\/www.bsbprint.com.br\/loja\/wp-json\/wp\/v2\/product_tag?post=11280"}],"curies":[{"name":"wp","href":"https:\/\/api.w.org\/{rel}","templated":true}]}}