{"id":11302,"date":"2024-06-04T10:25:56","date_gmt":"2024-06-04T10:25:56","guid":{"rendered":"https:\/\/www.bsbprint.com.br\/loja\/?post_type=product&#038;p=11302"},"modified":"2024-06-11T01:12:49","modified_gmt":"2024-06-11T01:12:49","slug":"bulk-ink-completo-para-hp-canon-lexmark-mais-verruma-e-snap","status":"publish","type":"product","link":"https:\/\/www.bsbprint.com.br\/loja\/produto\/bulk-ink-completo-para-hp-canon-lexmark-mais-verruma-e-snap\/","title":{"rendered":"Bulk Ink Completo Para Hp Canon Lexmark mais Verruma e Snap"},"content":{"rendered":"<section class=\"I_DV_3\">\n<h2 class=\"WjNdTR\">Detalhes Do Produto<\/h2>\n<div class=\"Gf4Ro0\">\n<div class=\"Tq1nbH\">\n<p><label class=\"cyMNDG\">Categoria<\/label><\/p>\n<div class=\"flex items-center idLK2l\">Shopee<img decoding=\"async\" class=\"EB95ts\" src=\"https:\/\/deo.shopeemobile.com\/shopee\/shopee-pcmall-live-sg\/productdetailspage\/966fbe37fe1c72e3f2dd.svg\" alt=\"icon arrow right\" \/>Computadores e Acess\u00f3rios<img decoding=\"async\" class=\"EB95ts\" src=\"https:\/\/deo.shopeemobile.com\/shopee\/shopee-pcmall-live-sg\/productdetailspage\/966fbe37fe1c72e3f2dd.svg\" alt=\"icon arrow right\" \/>Impressoras e Scanners<img decoding=\"async\" class=\"EB95ts\" src=\"https:\/\/deo.shopeemobile.com\/shopee\/shopee-pcmall-live-sg\/productdetailspage\/966fbe37fe1c72e3f2dd.svg\" alt=\"icon arrow right\" \/>Tintas e Toners<\/div>\n<\/div>\n<div class=\"Tq1nbH\"><label class=\"cyMNDG\">Marca<\/label><a class=\"ShO2i7\" href=\"https:\/\/shopee.com.br\/search?brands=2462538\">nextink<\/a><\/div>\n<div class=\"Tq1nbH\">\n<p><label class=\"cyMNDG TyBD7s\">Peso do Produto<\/label><\/p>\n<div>100g<\/div>\n<\/div>\n<div class=\"Tq1nbH\">\n<p><label class=\"cyMNDG TyBD7s\">Dura\u00e7\u00e3o da Garantia<\/label><\/p>\n<div>3 Meses<\/div>\n<\/div>\n<div class=\"Tq1nbH\">\n<p><label class=\"cyMNDG TyBD7s\">Fun\u00e7\u00e3o da Impressora<\/label><\/p>\n<div>jato tinta<\/div>\n<\/div>\n<div class=\"Tq1nbH\">\n<p><label class=\"cyMNDG TyBD7s\">Dimens\u00e3o (A x L x C)<\/label><\/p>\n<div>8x6x10<\/div>\n<\/div>\n<div class=\"Tq1nbH\">\n<p><label class=\"cyMNDG TyBD7s\">Quantidade<\/label><\/p>\n<div>30<\/div>\n<\/div>\n<div class=\"Tq1nbH\">\n<p><label class=\"cyMNDG TyBD7s\">Estoque<\/label><\/p>\n<div>41<\/div>\n<\/div>\n<div class=\"Tq1nbH\">\n<p><label class=\"cyMNDG TyBD7s\">Enviado de<\/label><\/p>\n<div>Distrito Federal<\/div>\n<\/div>\n<\/div>\n<\/section>\n<section class=\"I_DV_3\">\n<h2 class=\"WjNdTR\">Descri\u00e7\u00e3o Do Produto<\/h2>\n<div class=\"Gf4Ro0\">\n<div class=\"e8lZp3\">\n<p class=\"QN2lPu\">kit Completo 1 Reservat\u00f3rio 4 Cores Com 100 ML de Capacidade Mangueira de 1 Metro com 4 Vias de Silicone (Super Resistente), j\u00e1 acoplada no Reservat\u00f3rio 4 Tampas em Silicone para Tampar o Reservat\u00f3rio sendo, 1 Preta 1 Azul 1 Vermelha 1 Amarela 4 Filtros de Ar 1 Seringas de 10ml 6 Mini Tamp\u00f5es Preto de Silicone para Cartuchos 4 Cotovelos (Bicos) 4 An\u00e9is ou Arruelas de Silicone 1 Verruma (Broca) para alargar os orif\u00edcios dos Cartuchos 1 Presilha Adesiva Tipo T 1 Presilha Adesiva Tipo Jacar\u00e9 (Pequena) 1 Snap Fill Profissional com 2 Borrachas e 1 Adaptador<\/p>\n<p>n\u00c3O TEMOS MANUAL E VIDEO YUOYUBE TEM PASSO A APASSO<\/p>\n<p>LINK COMPRA PELA SHOPEE<\/p>\n<p>https:\/\/shopee.com.br\/Bulk-Ink-Completo-Para-Hp-Canon-Lexmark-mais-Verruma-e-Snap-i.319490804.5461356942?xptdk=7c4674e9-6cbf-42b2-959b-c775553b6a98<\/p>\n<\/div>\n<\/div>\n<\/section>\n","protected":false},"excerpt":{"rendered":"<p>&nbsp;<\/p>\n<p>&nbsp;<\/p>\n","protected":false},"featured_media":11303,"comment_status":"open","ping_status":"closed","template":"","meta":[],"product_cat":[224],"product_tag":[331,321,332],"_links":{"self":[{"href":"https:\/\/www.bsbprint.com.br\/loja\/wp-json\/wp\/v2\/product\/11302"}],"collection":[{"href":"https:\/\/www.bsbprint.com.br\/loja\/wp-json\/wp\/v2\/product"}],"about":[{"href":"https:\/\/www.bsbprint.com.br\/loja\/wp-json\/wp\/v2\/types\/product"}],"replies":[{"embeddable":true,"href":"https:\/\/www.bsbprint.com.br\/loja\/wp-json\/wp\/v2\/comments?post=11302"}],"wp:featuredmedia":[{"embeddable":true,"href":"https:\/\/www.bsbprint.com.br\/loja\/wp-json\/wp\/v2\/media\/11303"}],"wp:attachment":[{"href":"https:\/\/www.bsbprint.com.br\/loja\/wp-json\/wp\/v2\/media?parent=11302"}],"wp:term":[{"taxonomy":"product_cat","embeddable":true,"href":"https:\/\/www.bsbprint.com.br\/loja\/wp-json\/wp\/v2\/product_cat?post=11302"},{"taxonomy":"product_tag","embeddable":true,"href":"https:\/\/www.bsbprint.com.br\/loja\/wp-json\/wp\/v2\/product_tag?post=11302"}],"curies":[{"name":"wp","href":"https:\/\/api.w.org\/{rel}","templated":true}]}}