{"id":11306,"date":"2024-06-04T10:34:07","date_gmt":"2024-06-04T10:34:07","guid":{"rendered":"https:\/\/www.bsbprint.com.br\/loja\/?post_type=product&#038;p=11306"},"modified":"2024-06-11T01:12:49","modified_gmt":"2024-06-11T01:12:49","slug":"bulk-ink-hp-preto-100-ml-tinta-preta","status":"publish","type":"product","link":"https:\/\/www.bsbprint.com.br\/loja\/produto\/bulk-ink-hp-preto-100-ml-tinta-preta\/","title":{"rendered":"Bulk Ink Hp Preto +100 ml Tinta Preta"},"content":{"rendered":"<h2 class=\"WjNdTR\">Descri\u00e7\u00e3o Do Produto<\/h2>\n<div class=\"Gf4Ro0\">\n<div class=\"e8lZp3\">\n<p class=\"QN2lPu\">Bulk ink \u00e9 um sistema de alimenta\u00e7\u00e3o cont\u00ednua, n\u00e3o necessitando realizar recargas em seus cartuchos, gerando assim uma maior vida \u00fatil e conseguindo imprimir muito mais com seus cartuchos. Assim que a tinta do reservat\u00f3rio estiver acabando basta adicionar mais tinta no reservat\u00f3rio, reduzindo os custos com impress\u00f5es em mais de 95%. Com o Kit voc\u00ea economizar\u00e1 no m\u00ednimo o equivalente \u00e0 20 recargas em cada cartucho. O Kit prolongar\u00e1 a vida \u00fatil de seus cartuchos consideravelmente se compararmos com o m\u00e9todo tradicional de recargas, pois o sistema ser\u00e1 cont\u00ednuo, sendo os cartuchos reabastecidos automaticamente gerando mais praticidade e economia para voc\u00ea. Uma vantagem do nosso sistema em rela\u00e7\u00e3o aos outros \u00e9 que voc\u00ea n\u00e3o perder\u00e1 a garantia de sua impressora, pois n\u00e3o ir\u00e1 alterar o equipamento, mantendo todas as vantagens da garantia do fabricante. Trabalhamos com tintas de alt\u00edssima qualidade com cores vivas, produzindo impress\u00f5es com baixo custo. Itens Inclusos: 1 Reservat\u00f3rio para tinta preta, com mangueira; capacidade 90ml 4 Tamp\u00f5es pretos 1 Anel silicone para perfeita instala\u00e7\u00e3o dos bico 100ml de Tinta Corante Preta; 1 Par de luvas; 1 \u00cambolo de 10ml 1 Snap fill 1 verruma broca 2 presilhas para mangueira 1 suspiro Obs : A solu\u00e7\u00e3o para quem quer Imprimir apenas com o cartucho preto e economize caso n\u00e3o tenha o cartucho colorido<\/p>\n<p>OBS: LINK DA SHOPEE PARA COMPRA\u00a0 ABAIXO<\/p>\n<p>https:\/\/shopee.com.br\/Bulk-Ink-Hp-Preto-100-ml-Tinta-Preta-i.319490804.8187948477?xptdk=34478b8d-aef2-4d58-9c52-c534f2337f78<\/p>\n<\/div>\n<\/div>\n","protected":false},"excerpt":{"rendered":"<p>Descri\u00e7\u00e3o Do Produto Bulk ink \u00e9 um sistema de alimenta\u00e7\u00e3o cont\u00ednua, n\u00e3o necessitando realizar recargas em seus cartuchos, gerando assim&hellip;<\/p>\n","protected":false},"featured_media":11308,"comment_status":"open","ping_status":"closed","template":"","meta":[],"product_cat":[224],"product_tag":[325,333,334,335],"_links":{"self":[{"href":"https:\/\/www.bsbprint.com.br\/loja\/wp-json\/wp\/v2\/product\/11306"}],"collection":[{"href":"https:\/\/www.bsbprint.com.br\/loja\/wp-json\/wp\/v2\/product"}],"about":[{"href":"https:\/\/www.bsbprint.com.br\/loja\/wp-json\/wp\/v2\/types\/product"}],"replies":[{"embeddable":true,"href":"https:\/\/www.bsbprint.com.br\/loja\/wp-json\/wp\/v2\/comments?post=11306"}],"wp:featuredmedia":[{"embeddable":true,"href":"https:\/\/www.bsbprint.com.br\/loja\/wp-json\/wp\/v2\/media\/11308"}],"wp:attachment":[{"href":"https:\/\/www.bsbprint.com.br\/loja\/wp-json\/wp\/v2\/media?parent=11306"}],"wp:term":[{"taxonomy":"product_cat","embeddable":true,"href":"https:\/\/www.bsbprint.com.br\/loja\/wp-json\/wp\/v2\/product_cat?post=11306"},{"taxonomy":"product_tag","embeddable":true,"href":"https:\/\/www.bsbprint.com.br\/loja\/wp-json\/wp\/v2\/product_tag?post=11306"}],"curies":[{"name":"wp","href":"https:\/\/api.w.org\/{rel}","templated":true}]}}