{"id":11316,"date":"2024-06-04T10:53:58","date_gmt":"2024-06-04T10:53:58","guid":{"rendered":"https:\/\/www.bsbprint.com.br\/loja\/?post_type=product&#038;p=11316"},"modified":"2024-06-04T10:59:47","modified_gmt":"2024-06-04T10:59:47","slug":"snap-fill-limpeza-cabecote-para-canon-g4100-g3110-dispense","status":"publish","type":"product","link":"https:\/\/www.bsbprint.com.br\/loja\/produto\/snap-fill-limpeza-cabecote-para-canon-g4100-g3110-dispense\/","title":{"rendered":"Snap Fill Limpeza Cabe\u00e7ote Para Canon G4100\/G3110 +dispense"},"content":{"rendered":"<p><!--more--><\/p>\n<p><code><\/code>Descri\u00e7\u00e3o Do Produto<br \/>\nSnap Fill Limpeza Cabe\u00e7ote Para Canon G4100\/3111 +dispense<\/p>\n<p>Caracter\u00edsticas principais<br \/>\nMarca Canon<br \/>\nModelo Canon<br \/>\nVolume da unidade 200 mL<br \/>\nOutras caracter\u00edsticas<br \/>\n\u00c9 apto para sublima\u00e7\u00e3o: N\u00e3o<br \/>\nUnidades por embalagem: 4<br \/>\nDescri\u00e7\u00e3o<br \/>\nSnap fill universal com adaptador Canon G3100\/G 3111\/3110\/2110\/+ 1 Seringa<\/p>\n<p>100ml solu\u00e7\u00e3o para limpeza<\/p>\n<p>Dispenser para dreno<br \/>\nA cor da borracha pode variar entre azul branca e verde<\/p>\n<p>Utilizando o Snap Fill voc\u00ea fara a pressuriza\u00e7\u00e3o e o enchimento dos cabe\u00e7otes das Canon Maxx , evitando as bolhas de ar que se depositam acima da cabe\u00e7a de impress\u00e3o que impede o funcionamento correto do cartucho.<\/p>\n<p>A pressuriza\u00e7\u00e3o assegura um cabe\u00e7ote sem bolhas de ar, fazendo com que a tinta do cartucho flua de forma cont\u00ednua at\u00e9 seu final.<br \/>\nEsse sistema proporciona superior qualidade nas impress\u00f5es e maior vida \u00fatil do cabe\u00e7ote al\u00e9m de manter seu aspecto original.<\/p>\n","protected":false},"excerpt":{"rendered":"Descri\u00e7\u00e3o Do Produto Snap Fill Limpeza Cabe\u00e7ote Para Canon G4100\/3111 +dispense Caracter\u00edsticas principais Marca Canon Modelo Canon Volume da unidade&hellip;","protected":false},"featured_media":11313,"comment_status":"open","ping_status":"closed","template":"","meta":[],"product_cat":[252],"product_tag":[],"_links":{"self":[{"href":"https:\/\/www.bsbprint.com.br\/loja\/wp-json\/wp\/v2\/product\/11316"}],"collection":[{"href":"https:\/\/www.bsbprint.com.br\/loja\/wp-json\/wp\/v2\/product"}],"about":[{"href":"https:\/\/www.bsbprint.com.br\/loja\/wp-json\/wp\/v2\/types\/product"}],"replies":[{"embeddable":true,"href":"https:\/\/www.bsbprint.com.br\/loja\/wp-json\/wp\/v2\/comments?post=11316"}],"wp:featuredmedia":[{"embeddable":true,"href":"https:\/\/www.bsbprint.com.br\/loja\/wp-json\/wp\/v2\/media\/11313"}],"wp:attachment":[{"href":"https:\/\/www.bsbprint.com.br\/loja\/wp-json\/wp\/v2\/media?parent=11316"}],"wp:term":[{"taxonomy":"product_cat","embeddable":true,"href":"https:\/\/www.bsbprint.com.br\/loja\/wp-json\/wp\/v2\/product_cat?post=11316"},{"taxonomy":"product_tag","embeddable":true,"href":"https:\/\/www.bsbprint.com.br\/loja\/wp-json\/wp\/v2\/product_tag?post=11316"}],"curies":[{"name":"wp","href":"https:\/\/api.w.org\/{rel}","templated":true}]}}