{"id":11332,"date":"2024-06-05T10:45:00","date_gmt":"2024-06-05T10:45:00","guid":{"rendered":"https:\/\/www.bsbprint.com.br\/loja\/?post_type=product&#038;p=11332"},"modified":"2024-06-16T03:20:23","modified_gmt":"2024-06-16T03:20:23","slug":"1-kit-dispenser-1-kit-clean-limpeza-de-cabecote-epson","status":"publish","type":"product","link":"https:\/\/www.bsbprint.com.br\/loja\/produto\/1-kit-dispenser-1-kit-clean-limpeza-de-cabecote-epson\/","title":{"rendered":"1 Kit Dispenser + 1 Kit Clean Limpeza De Cabe\u00e7ote Epson"},"content":{"rendered":"<h2 class=\"WjNdTR\">Descri\u00e7\u00e3o Do Produto<\/h2>\n<div class=\"Gf4Ro0\">\n<div class=\"e8lZp3\">\n<p class=\"QN2lPu\">Descri\u00e7\u00e3o DISPENSER COLETOR DE RES\u00cdDUOS 100 ml + MANGUEIRA SILICONE + 1 COTOVELO + 100ML CLEAN CONFIRA!!! Indispens\u00e1vel para quem utiliza sistema Bulk Ink na impressora, pois desvia a tinta da limpeza das cabe\u00e7as de impress\u00e3o, evitando o transbordamento da almofada interna. Acompanha: * 1 Frasco transparente 100 ml com tampa * 1 Cotovelo (bico para ligar as mangueiras da impressora ao dispenser ) * 100ML CLEAN solu\u00e7\u00e3o de limpeza * 1 par de luvas * Seringa adaptada para a limpeza do cabe\u00e7ote Modelos suportados: L100, L110, L200, L210, L300, L350, L351, L355, L365, L555, L800, T50, T1110,T33, TX 135, T25, TX133, TX123, TX235W, TX420W, TX430W, XP-201, XP-204, XP-214, XP-401, XP-411, R270, R290, TX525, TX550, TX600FW, TX620FWD, TX700, 710, 720, 730 e outros modelos. Temos produto para compra tbm na shopee segue link<\/p>\n<h2 class=\"WjNdTR\">Descri\u00e7\u00e3o Do Produto<\/h2>\n<div class=\"Gf4Ro0\">\n<div class=\"e8lZp3\">\n<p class=\"QN2lPu\">Descri\u00e7\u00e3o DISPENSER COLETOR DE RES\u00cdDUOS 100 ml + MANGUEIRA SILICONE + 1 COTOVELO + 100ML CLEAN CONFIRA!!! Indispens\u00e1vel para quem utiliza sistema Bulk Ink na impressora, pois desvia a tinta da limpeza das cabe\u00e7as de impress\u00e3o, evitando o transbordamento da almofada interna. Acompanha: * 1 Frasco transparente 100 ml com tampa * 1 Cotovelo (bico para ligar as mangueiras da impressora ao dispenser ) * 100ML CLEAN solu\u00e7\u00e3o de limpeza * 1 par de luvas * Seringa adaptada para a limpeza do cabe\u00e7ote Modelos suportados: L100, L110, L200, L210, L300, L350, L351, L355, L365, L555, L800, T50, T1110,T33, TX 135, T25, TX133, TX123, TX235W, TX420W, TX430W, XP-201, XP-204, XP-214, XP-401, XP-411, R270, R290, TX525, TX550, TX600FW, TX620FWD, TX700, 710, 720, 730 e outros modelos.<\/p>\n<\/div>\n<\/div>\n<\/div>\n<\/div>\n","protected":false},"excerpt":{"rendered":"<p>Descri\u00e7\u00e3o Do Produto Descri\u00e7\u00e3o DISPENSER COLETOR DE RES\u00cdDUOS 100 ml + MANGUEIRA SILICONE + 1 COTOVELO + 100ML CLEAN CONFIRA!!!&hellip;<\/p>\n","protected":false},"featured_media":11313,"comment_status":"open","ping_status":"closed","template":"","meta":[],"product_cat":[342],"product_tag":[],"_links":{"self":[{"href":"https:\/\/www.bsbprint.com.br\/loja\/wp-json\/wp\/v2\/product\/11332"}],"collection":[{"href":"https:\/\/www.bsbprint.com.br\/loja\/wp-json\/wp\/v2\/product"}],"about":[{"href":"https:\/\/www.bsbprint.com.br\/loja\/wp-json\/wp\/v2\/types\/product"}],"replies":[{"embeddable":true,"href":"https:\/\/www.bsbprint.com.br\/loja\/wp-json\/wp\/v2\/comments?post=11332"}],"wp:featuredmedia":[{"embeddable":true,"href":"https:\/\/www.bsbprint.com.br\/loja\/wp-json\/wp\/v2\/media\/11313"}],"wp:attachment":[{"href":"https:\/\/www.bsbprint.com.br\/loja\/wp-json\/wp\/v2\/media?parent=11332"}],"wp:term":[{"taxonomy":"product_cat","embeddable":true,"href":"https:\/\/www.bsbprint.com.br\/loja\/wp-json\/wp\/v2\/product_cat?post=11332"},{"taxonomy":"product_tag","embeddable":true,"href":"https:\/\/www.bsbprint.com.br\/loja\/wp-json\/wp\/v2\/product_tag?post=11332"}],"curies":[{"name":"wp","href":"https:\/\/api.w.org\/{rel}","templated":true}]}}