{"id":2473,"date":"2018-08-14T21:57:38","date_gmt":"2018-08-14T21:57:38","guid":{"rendered":"https:\/\/www.bsbprint.com.br\/loja\/produto\/import-placeholder-for-11\/"},"modified":"2018-08-16T19:16:11","modified_gmt":"2018-08-16T19:16:11","slug":"solucao-de-limpeza-100ml","status":"publish","type":"product","link":"https:\/\/www.bsbprint.com.br\/loja\/produto\/solucao-de-limpeza-100ml\/","title":{"rendered":"Solu\u00e7\u00e3o de limpeza 100ml"},"content":{"rendered":"<p>Descri\u00e7\u00e3o do produto A Solu\u00e7\u00e3o \u00e9 um detergente qu\u00edmico para limpeza de cartuchos jato de tinta e pode ser utilizado em forma concentrada. Esp\u00e9cie de detergente para dilui\u00e7\u00e3o de pigmentos. N\u00e3o estraga os cartuchos somente elimina a tinta seca que est\u00e1 obstruindo a sa\u00edda de tinta do cartucho, aplica\u00e7\u00e3o cartuchos jato de tinta.<\/p>\n","protected":false},"excerpt":{"rendered":"<p>Solu\u00e7\u00e3o de limpeza 100ml<\/p>\n","protected":false},"featured_media":2509,"comment_status":"closed","ping_status":"closed","template":"","meta":[],"product_cat":[228],"product_tag":[229],"_links":{"self":[{"href":"https:\/\/www.bsbprint.com.br\/loja\/wp-json\/wp\/v2\/product\/2473"}],"collection":[{"href":"https:\/\/www.bsbprint.com.br\/loja\/wp-json\/wp\/v2\/product"}],"about":[{"href":"https:\/\/www.bsbprint.com.br\/loja\/wp-json\/wp\/v2\/types\/product"}],"replies":[{"embeddable":true,"href":"https:\/\/www.bsbprint.com.br\/loja\/wp-json\/wp\/v2\/comments?post=2473"}],"wp:featuredmedia":[{"embeddable":true,"href":"https:\/\/www.bsbprint.com.br\/loja\/wp-json\/wp\/v2\/media\/2509"}],"wp:attachment":[{"href":"https:\/\/www.bsbprint.com.br\/loja\/wp-json\/wp\/v2\/media?parent=2473"}],"wp:term":[{"taxonomy":"product_cat","embeddable":true,"href":"https:\/\/www.bsbprint.com.br\/loja\/wp-json\/wp\/v2\/product_cat?post=2473"},{"taxonomy":"product_tag","embeddable":true,"href":"https:\/\/www.bsbprint.com.br\/loja\/wp-json\/wp\/v2\/product_tag?post=2473"}],"curies":[{"name":"wp","href":"https:\/\/api.w.org\/{rel}","templated":true}]}}