{"id":2525,"date":"2018-08-15T14:17:14","date_gmt":"2018-08-15T14:17:14","guid":{"rendered":"https:\/\/www.bsbprint.com.br\/loja\/produto\/import-placeholder-for-55\/"},"modified":"2018-08-16T19:16:18","modified_gmt":"2018-08-16T19:16:18","slug":"kit-de-bulk-ink-em-cartuchos-hp-bsico-s-tinta","status":"publish","type":"product","link":"https:\/\/www.bsbprint.com.br\/loja\/produto\/kit-de-bulk-ink-em-cartuchos-hp-bsico-s-tinta\/","title":{"rendered":"Kit  de Bulk Ink em Cartuchos HP b\u00e1sico S\/Tinta"},"content":{"rendered":"<p>Kit para Montagem de Bulk Ink em Cartuchos HP \u00a0 O Kit \u00e9 composto por:- 4 reservat\u00f3rios externo. &#8211; 1 mangueira de silicone de 4 vias &#8211; 4 valvulas &#8211; Broca para cartucho &#8211; Snap fill \u00a0 \u00a0 Com este Kit voc\u00ea mesmo montar\u00e1 seu pr\u00f3prio sistema bulk ink de alimenta\u00e7\u00e3o continua na sua impressora HP, transformando-a numa verdadeira plotter. \u00a0 Elimina a recarga dos cartuchos, pois eles ser\u00e3o alimentados com tinta automaticamente. Basta adaptar em seus cartuchos originais as valvulas das mangueiras que acompanham o Kit e encher os reservat\u00f3rios de tintas. \u00a0 Sua impressora se transformar\u00e1 numa verdadeira plotter, proporcionando muito mais autonomia nas suas impress\u00f5es e aumento da vida util dos cartuchos. \u00a0 As tintas de reposi\u00e7\u00e3o especificas para sua impressora voc\u00ea poder\u00e1 adquirir\u00a0aqui mesmo\u00a0em nossa loja virtual. \u00a0 O produto destina-se a montagem de bulk ink em impressoras HP\u00a0de 2 cartuchos. Para que n\u00e3o ocorra falhas na impress\u00e3o o bulk dever\u00e1 ser montado num cartucho original sem uso.\u00a0 Para um bom funcionamento do sistema recomendamos que a instala\u00e7\u00e3o do bulk ink seja realizada por um t\u00e9cnico especializado no sistema.\u00a0 Veja o manual de adapta\u00e7\u00e3o em nosso blog. Acesse\u00a0www.bsbprint.com.br \u00a0 OBS: N\u00e3o acompanha cartuchos \u00a0 \u00a0 \u00a0 \u00a0 \u00a0\u00a0<\/p>\n","protected":false},"excerpt":{"rendered":"<p>Kit  de Bulk Ink em Cartuchos HP b\u00e1sico S\/Tinta<\/p>\n","protected":false},"featured_media":2549,"comment_status":"closed","ping_status":"closed","template":"","meta":[],"product_cat":[224],"product_tag":[225],"_links":{"self":[{"href":"https:\/\/www.bsbprint.com.br\/loja\/wp-json\/wp\/v2\/product\/2525"}],"collection":[{"href":"https:\/\/www.bsbprint.com.br\/loja\/wp-json\/wp\/v2\/product"}],"about":[{"href":"https:\/\/www.bsbprint.com.br\/loja\/wp-json\/wp\/v2\/types\/product"}],"replies":[{"embeddable":true,"href":"https:\/\/www.bsbprint.com.br\/loja\/wp-json\/wp\/v2\/comments?post=2525"}],"wp:featuredmedia":[{"embeddable":true,"href":"https:\/\/www.bsbprint.com.br\/loja\/wp-json\/wp\/v2\/media\/2549"}],"wp:attachment":[{"href":"https:\/\/www.bsbprint.com.br\/loja\/wp-json\/wp\/v2\/media?parent=2525"}],"wp:term":[{"taxonomy":"product_cat","embeddable":true,"href":"https:\/\/www.bsbprint.com.br\/loja\/wp-json\/wp\/v2\/product_cat?post=2525"},{"taxonomy":"product_tag","embeddable":true,"href":"https:\/\/www.bsbprint.com.br\/loja\/wp-json\/wp\/v2\/product_tag?post=2525"}],"curies":[{"name":"wp","href":"https:\/\/api.w.org\/{rel}","templated":true}]}}