{"id":2584,"date":"2018-08-15T14:17:42","date_gmt":"2018-08-15T14:17:42","guid":{"rendered":"https:\/\/www.bsbprint.com.br\/loja\/produto\/import-placeholder-for-294\/"},"modified":"2024-05-17T19:04:19","modified_gmt":"2024-05-17T19:04:19","slug":"bulk-ink-canon-com-tinta-mp140-mp150-mp170-mp210mp-250mp470-frete-grtis-pac","status":"publish","type":"product","link":"https:\/\/www.bsbprint.com.br\/loja\/produto\/bulk-ink-canon-com-tinta-mp140-mp150-mp170-mp210mp-250mp470-frete-grtis-pac\/","title":{"rendered":"Bulk Ink Rocket Canon Compat\u00edvel MP140, MP150, MP170, MP210,MP 250,MP470 + Tinta"},"content":{"rendered":"<p>Descri\u00e7\u00e3o do produto \u00a0\u00a0\u00a0\u00a0\u00a0\u00a0\u00a0\u00a0\u00a0\u00a0\u00a0\u00a0\u00a0\u00a0\u00a0\u00a0\u00a0\u00a0\u00a0\u00a0\u00a0\u00a0\u00a0\u00a0\u00a0\u00a0\u00a0 O BULK DE ADAPTA\u00c7\u00c3O CANON \u00c9 COMPOSTO DE: \u00b7 4 Reservat\u00f3rios de Tinta \u00b7 4 Filtros de Ar, para respiro dos cartuchos \u00b7 2 Presilhas para suporte \u00b7 1 Mangueira Flat-Band de 4 vias fixadores pl\u00e1sticos \u00b7 1 Jogo de Tampas coloridas e Bicos Injetores \u00b7 1 R\u00e9gua T \u00b7 1 Verruma para perfura\u00e7\u00e3o dos cartuchos \u00b7 1 Snap Fill 400 ml de tinta formulabs: * 100 ml Tinta Black* 100 ml Tinta Magenta* 100 ml Tinta Yellow* 100 mlTinta Ciano \u00b7 Acompanha manual que ser\u00e1 enviado para o seu e-mail e Tem total suporte na instala\u00e7\u00e3o via telefone, E-mail, Skype e MSN **Deve-se utilizar os cartuchos originais da sua impressora. CARACTER\u00cdSTICAS: &#8211; N\u00e3o precisa de refil: voc\u00ea compra apenas a tinta (mais econ\u00f4mico), e recarrega diretamente nos frascos, sem precisar retirar os cartuchos da impressora (mais r\u00e1pido e pr\u00e1tico); &#8211; Ecologicamente correto: voc\u00ea s\u00f3 compra UM kit de cartuchos pl\u00e1sticos, reutilizando os mesmos na recarga; &#8211; Baixo custo de instala\u00e7\u00e3o e manuten\u00e7\u00e3o: representa uma economia de at\u00e9 97%; &#8211; N\u00e3o requer modifica\u00e7\u00f5es na impressora ou instala\u00e7\u00e3o de software especial; produto industrializado, sem adapta\u00e7\u00f5es;<\/p>\n","protected":false},"excerpt":{"rendered":"<p>Descri\u00e7\u00e3o do produto \u00a0\u00a0\u00a0\u00a0\u00a0\u00a0\u00a0\u00a0\u00a0\u00a0\u00a0\u00a0\u00a0\u00a0\u00a0\u00a0\u00a0\u00a0\u00a0\u00a0\u00a0\u00a0\u00a0\u00a0\u00a0\u00a0\u00a0 O BULK DE ADAPTA\u00c7\u00c3O CANON \u00c9 COMPOSTO DE: \u00b7 4 Reservat\u00f3rios de Tinta \u00b7 4 Filtros&hellip;<\/p>\n","protected":false},"featured_media":2903,"comment_status":"closed","ping_status":"closed","template":"","meta":[],"product_cat":[248],"product_tag":[249],"_links":{"self":[{"href":"https:\/\/www.bsbprint.com.br\/loja\/wp-json\/wp\/v2\/product\/2584"}],"collection":[{"href":"https:\/\/www.bsbprint.com.br\/loja\/wp-json\/wp\/v2\/product"}],"about":[{"href":"https:\/\/www.bsbprint.com.br\/loja\/wp-json\/wp\/v2\/types\/product"}],"replies":[{"embeddable":true,"href":"https:\/\/www.bsbprint.com.br\/loja\/wp-json\/wp\/v2\/comments?post=2584"}],"wp:featuredmedia":[{"embeddable":true,"href":"https:\/\/www.bsbprint.com.br\/loja\/wp-json\/wp\/v2\/media\/2903"}],"wp:attachment":[{"href":"https:\/\/www.bsbprint.com.br\/loja\/wp-json\/wp\/v2\/media?parent=2584"}],"wp:term":[{"taxonomy":"product_cat","embeddable":true,"href":"https:\/\/www.bsbprint.com.br\/loja\/wp-json\/wp\/v2\/product_cat?post=2584"},{"taxonomy":"product_tag","embeddable":true,"href":"https:\/\/www.bsbprint.com.br\/loja\/wp-json\/wp\/v2\/product_tag?post=2584"}],"curies":[{"name":"wp","href":"https:\/\/api.w.org\/{rel}","templated":true}]}}