{"id":2736,"date":"2018-08-15T14:19:19","date_gmt":"2018-08-15T14:19:19","guid":{"rendered":"https:\/\/www.bsbprint.com.br\/loja\/produto\/import-placeholder-for-378\/"},"modified":"2020-11-30T22:12:10","modified_gmt":"2020-11-30T22:12:10","slug":"bulkink-tanque-gigante-bulk-ink-200ml-de-cada-cor","status":"publish","type":"product","link":"https:\/\/www.bsbprint.com.br\/loja\/produto\/bulkink-tanque-gigante-bulk-ink-200ml-de-cada-cor\/","title":{"rendered":"Bulkink Tanque Gigante Bulk Ink 200ml De Cada Cor"},"content":{"rendered":"<p>Especifica\u00e7\u00f5es:\u00a0 &#8211; N\u00e3o \u00e9 indicado para modelos de 2 cartuchos;\u00a0 &#8211; Compat\u00edvel com HP 8100, HP 8600 , 7110, 8610, 8620 PRO X e Epson. Ideal para locais de grande demanda de\u00a0impress\u00f5es como gr\u00e1ficas, copiadoras, etc;\u00a0 &#8211; Reservat\u00f3rio Bulk Ink 4 cores, com capacidade de 200ml para cada cor; \u00a0 &#8211; Acompanha a mangueira flat 4 vias de aproximadamente 90cm;\u00a0 &#8211; Material resistente e de alta qualidade. Cont\u00e9m:- 01 Reservat\u00f3rio com mangueira flat;- 03 Presilhas;- 04 Tamp\u00f5es coloridos;- 04 Filtros de ar, an\u00e9is, tamp\u00f5es e bicos de silicone.<\/p>\n","protected":false},"excerpt":{"rendered":"<p>Bulkink Tanque Gigante Bulk Ink 200ml De Cada Cor<\/p>\n","protected":false},"featured_media":2780,"comment_status":"closed","ping_status":"closed","template":"","meta":[],"product_cat":[31],"product_tag":[253],"_links":{"self":[{"href":"https:\/\/www.bsbprint.com.br\/loja\/wp-json\/wp\/v2\/product\/2736"}],"collection":[{"href":"https:\/\/www.bsbprint.com.br\/loja\/wp-json\/wp\/v2\/product"}],"about":[{"href":"https:\/\/www.bsbprint.com.br\/loja\/wp-json\/wp\/v2\/types\/product"}],"replies":[{"embeddable":true,"href":"https:\/\/www.bsbprint.com.br\/loja\/wp-json\/wp\/v2\/comments?post=2736"}],"wp:featuredmedia":[{"embeddable":true,"href":"https:\/\/www.bsbprint.com.br\/loja\/wp-json\/wp\/v2\/media\/2780"}],"wp:attachment":[{"href":"https:\/\/www.bsbprint.com.br\/loja\/wp-json\/wp\/v2\/media?parent=2736"}],"wp:term":[{"taxonomy":"product_cat","embeddable":true,"href":"https:\/\/www.bsbprint.com.br\/loja\/wp-json\/wp\/v2\/product_cat?post=2736"},{"taxonomy":"product_tag","embeddable":true,"href":"https:\/\/www.bsbprint.com.br\/loja\/wp-json\/wp\/v2\/product_tag?post=2736"}],"curies":[{"name":"wp","href":"https:\/\/api.w.org\/{rel}","templated":true}]}}