{"id":2754,"date":"2018-08-15T14:19:44","date_gmt":"2018-08-15T14:19:44","guid":{"rendered":"https:\/\/www.bsbprint.com.br\/loja\/produto\/import-placeholder-for-382\/"},"modified":"2024-05-17T19:20:11","modified_gmt":"2024-05-17T19:20:11","slug":"bulk-ink-hp5525-4646-4729-reservatorio-400ml-tinta","status":"publish","type":"product","link":"https:\/\/www.bsbprint.com.br\/loja\/produto\/bulk-ink-hp5525-4646-4729-reservatorio-400ml-tinta\/","title":{"rendered":"Bulk Ink Hp5525\/4646\/4729  reservatorio   400ml Tinta"},"content":{"rendered":"<p>Preserve a garantia de sua impressora, sem nessecidade de alterar ou modificar sua impressora. Sistema econ\u00f4mico, esque\u00e7a a preocupa\u00e7\u00e3o com gasto na compra de cartucho de tinta toda vez que o cartucho acabar. Sstema Anti-refluxo de tintas, funciona assim: O sitema n\u00e3o deixa a tinta que est\u00e1 dentro dos cartuchos retornar para o reservat\u00f3rio e evita entrar ar nos cartuchos. J\u00e1 vai com\u00a0400ML\u00a0\u00a0de tinta preta\/ colorida INKTEC Corante. O retorno do investimento vem na economia de 95% n\u00e3o precisa comprar cartuchos toda vez que acabar a tinta, pois \u00e9 s\u00f3 reabastecer com tinta o reservat\u00f3rio. Caixa protetora de cor preta, que combina com o desing de sua impressora Reservat\u00f3rios externo com caixa protetora, muito mais resistente e bonito que os utilizados nos bulk inks convencionais, um melhor abastecimento para os cartuchos. Fabricado em material ABS, cartuchos totalmente transparentes, voc\u00ea v\u00ea o nivel de tinta em qualquer \u00e2ngulo. Pode-se fazer at\u00e9 4000 impress\u00f5es com o mesmo cartucho. Este produto est\u00e1 disponiv\u00e9l para entrega pelos correios Voc\u00ea contribui com menos polui\u00e7\u00e3o do meio ambiente, ao evitar jogar no lixo cartuchos comprados que n\u00e3o podem ser reutilizados. Para as impressoras; HP 5525\/4646\/4729 que usa os cartuchos HP tricolor , Preto\u00a0\u00a0 Adapta\u00e7\u00e3o FEITA NOS CARTUCHOS ORIGINAIS<\/p>\n","protected":false},"excerpt":{"rendered":"<p>Bulk Ink Hp5525\/4646\/4729 reservat\u00f3rio 400ml Tinta<\/p>\n","protected":false},"featured_media":2888,"comment_status":"closed","ping_status":"closed","template":"","meta":[],"product_cat":[224],"product_tag":[225],"_links":{"self":[{"href":"https:\/\/www.bsbprint.com.br\/loja\/wp-json\/wp\/v2\/product\/2754"}],"collection":[{"href":"https:\/\/www.bsbprint.com.br\/loja\/wp-json\/wp\/v2\/product"}],"about":[{"href":"https:\/\/www.bsbprint.com.br\/loja\/wp-json\/wp\/v2\/types\/product"}],"replies":[{"embeddable":true,"href":"https:\/\/www.bsbprint.com.br\/loja\/wp-json\/wp\/v2\/comments?post=2754"}],"wp:featuredmedia":[{"embeddable":true,"href":"https:\/\/www.bsbprint.com.br\/loja\/wp-json\/wp\/v2\/media\/2888"}],"wp:attachment":[{"href":"https:\/\/www.bsbprint.com.br\/loja\/wp-json\/wp\/v2\/media?parent=2754"}],"wp:term":[{"taxonomy":"product_cat","embeddable":true,"href":"https:\/\/www.bsbprint.com.br\/loja\/wp-json\/wp\/v2\/product_cat?post=2754"},{"taxonomy":"product_tag","embeddable":true,"href":"https:\/\/www.bsbprint.com.br\/loja\/wp-json\/wp\/v2\/product_tag?post=2754"}],"curies":[{"name":"wp","href":"https:\/\/api.w.org\/{rel}","templated":true}]}}