{"id":2756,"date":"2018-08-15T14:19:44","date_gmt":"2018-08-15T14:19:44","guid":{"rendered":"https:\/\/www.bsbprint.com.br\/loja\/produto\/import-placeholder-for-384\/"},"modified":"2018-08-16T19:16:52","modified_gmt":"2018-08-16T19:16:52","slug":"1litro-tinta-corante-p-epson-formulabs-original-todos-modelos","status":"publish","type":"product","link":"https:\/\/www.bsbprint.com.br\/loja\/produto\/1litro-tinta-corante-p-epson-formulabs-original-todos-modelos\/","title":{"rendered":"1litro Tinta Corante P\/epson Formulabs Original todos modelos"},"content":{"rendered":"<p>Economia de at\u00e9 90% nas suas impress\u00f5es. N\u00e3o resseca as cabe\u00e7as de impress\u00e3o. Tinta especifica para epson. Fabricada em industria com insumos importados de primeira qualidade. Tinta com fortes intesidade de cor e com impress\u00e3o super forte. Coloridas com cores vivas e brilhantes. R\u00e1pida secagem. N\u00e3o desbota, qualidade fotogr\u00e1fica. Microfiltrada. Espec\u00edfica para todos modelos Epson para recarga de Bulkink \u00a0 EPSON:\u00a0\u00a0todos os modelos de impressora.\u00a0 \u00a0 \u00a0 \u00a0 L110 L200 L355 L800 e outros.. \u00a0 \u00a0 \u00a0 Tinta ideal para Bulk Ink e recarga de cartuchos EPSONFormulabs Original\u00a0Recomendada para qualquer impressora EPSONDensidade e qualidade igual as originais\u00a0N\u00c3O \u00e9 a prova d\u00b4\u00e1gua, raios uv, a\u00e7\u00e3o do tempoAlta Fidelidade das Cores\u00a0Impress\u00e3o perfeita, qualidade fotogr\u00e1fica <\/p>\n","protected":false},"excerpt":{"rendered":"<p>1litro Tinta Corante P\/epson Formulabs Original todos modelos <\/p>\n","protected":false},"featured_media":2793,"comment_status":"closed","ping_status":"closed","template":"","meta":[],"product_cat":[226],"product_tag":[227],"_links":{"self":[{"href":"https:\/\/www.bsbprint.com.br\/loja\/wp-json\/wp\/v2\/product\/2756"}],"collection":[{"href":"https:\/\/www.bsbprint.com.br\/loja\/wp-json\/wp\/v2\/product"}],"about":[{"href":"https:\/\/www.bsbprint.com.br\/loja\/wp-json\/wp\/v2\/types\/product"}],"replies":[{"embeddable":true,"href":"https:\/\/www.bsbprint.com.br\/loja\/wp-json\/wp\/v2\/comments?post=2756"}],"wp:featuredmedia":[{"embeddable":true,"href":"https:\/\/www.bsbprint.com.br\/loja\/wp-json\/wp\/v2\/media\/2793"}],"wp:attachment":[{"href":"https:\/\/www.bsbprint.com.br\/loja\/wp-json\/wp\/v2\/media?parent=2756"}],"wp:term":[{"taxonomy":"product_cat","embeddable":true,"href":"https:\/\/www.bsbprint.com.br\/loja\/wp-json\/wp\/v2\/product_cat?post=2756"},{"taxonomy":"product_tag","embeddable":true,"href":"https:\/\/www.bsbprint.com.br\/loja\/wp-json\/wp\/v2\/product_tag?post=2756"}],"curies":[{"name":"wp","href":"https:\/\/api.w.org\/{rel}","templated":true}]}}