{"id":2757,"date":"2018-08-15T14:19:44","date_gmt":"2018-08-15T14:19:44","guid":{"rendered":"https:\/\/www.bsbprint.com.br\/loja\/produto\/import-placeholder-for-385\/"},"modified":"2020-11-30T22:11:00","modified_gmt":"2020-11-30T22:11:00","slug":"kit-tinta-recarga-cartuchos-hp-canon-122-662-60-tinta-completo","status":"publish","type":"product","link":"https:\/\/www.bsbprint.com.br\/loja\/produto\/kit-tinta-recarga-cartuchos-hp-canon-122-662-60-tinta-completo\/","title":{"rendered":"Kit Tinta Recarga Cartuchos Hp\/Canon 122 \/662 \/60\/   Tinta Completo"},"content":{"rendered":"<p>KIT TINTAS FORMULABS DO BRASIL PARA RECARGAS EM CARTUCHOS HP. 250ml PRETO 100ml MAGENTA 100ml CYAN 100ml YELLOW 100ml Solu\u00e7\u00e3o LIMPEZA 1 PAR LUVAS 1 SNAP FILL EM ABS 5 SERINGAS 1 Cd com v\u00e1rios modelos de etiquetas para impress\u00e3o e manual de recarga RECARGA SEM EQUIPAMENTO PROFISSIONAL. O kit de tintas Formulabs do Brasil, \u00e9 composta pelas tintas Black Corante,\u00a0Cyan\u00a0Corante,\u00a0Magenta Corante e Yellow Corante;S\u00e3o tintas a base de corantes de alt\u00edssima qualidade e secagem ultra-r\u00e1pida, ideais para\u00a0impress\u00f5es do dia a dia e tamb\u00e9m impress\u00f5es fotogr\u00e1ficas em papeis para fotos;Tinta fabricada no Brasil;Possui prote\u00e7\u00e3o UV;Testada e comprovado sua efici\u00eancia em todos os cartuchos relacionados abaixo;PH Balanceado (N\u00e3o corrosiva);Produzida com corantes de alta qualidade (ISO9001);N\u00e3o entope n\u00e3o resseca os cabe\u00e7otes;Cores fortes e vibrantes;Indicada para uso geral e impress\u00f5es fotogr\u00e1ficas;Microfiltrada a 0,02 microns;Excelente cobertura e defini\u00e7\u00e3o de cores.\u00a0 COMPATIVEL COM: \u00a0 HP 122Black | 122Color | 21 | 22 | 27 | 28 | 56 | 57 | 60Black | 60Color | 74 | 75 | 901Blck | 901Color | 92 | 93 | 94 | 95\u00a0Canon 30 | 31 | 40 | 41 | 50 | 51Lexmark 16 | 17 | 26 | 27<\/p>\n","protected":false},"excerpt":{"rendered":"<p>Kit Tinta Recarga Cartuchos Hp\/Canon 122 \/662 \/60\/ Tinta Completo<\/p>\n","protected":false},"featured_media":2900,"comment_status":"closed","ping_status":"closed","template":"","meta":[],"product_cat":[250],"product_tag":[251],"_links":{"self":[{"href":"https:\/\/www.bsbprint.com.br\/loja\/wp-json\/wp\/v2\/product\/2757"}],"collection":[{"href":"https:\/\/www.bsbprint.com.br\/loja\/wp-json\/wp\/v2\/product"}],"about":[{"href":"https:\/\/www.bsbprint.com.br\/loja\/wp-json\/wp\/v2\/types\/product"}],"replies":[{"embeddable":true,"href":"https:\/\/www.bsbprint.com.br\/loja\/wp-json\/wp\/v2\/comments?post=2757"}],"wp:featuredmedia":[{"embeddable":true,"href":"https:\/\/www.bsbprint.com.br\/loja\/wp-json\/wp\/v2\/media\/2900"}],"wp:attachment":[{"href":"https:\/\/www.bsbprint.com.br\/loja\/wp-json\/wp\/v2\/media?parent=2757"}],"wp:term":[{"taxonomy":"product_cat","embeddable":true,"href":"https:\/\/www.bsbprint.com.br\/loja\/wp-json\/wp\/v2\/product_cat?post=2757"},{"taxonomy":"product_tag","embeddable":true,"href":"https:\/\/www.bsbprint.com.br\/loja\/wp-json\/wp\/v2\/product_tag?post=2757"}],"curies":[{"name":"wp","href":"https:\/\/api.w.org\/{rel}","templated":true}]}}