{"id":2935,"date":"2018-08-23T02:43:39","date_gmt":"2018-08-23T02:43:39","guid":{"rendered":"https:\/\/www.bsbprint.com.br\/loja\/?post_type=product&#038;p=2935"},"modified":"2024-05-14T20:18:11","modified_gmt":"2024-05-14T20:18:11","slug":"snap-fill-para-modelos-canon-hp-seringa","status":"publish","type":"product","link":"https:\/\/www.bsbprint.com.br\/loja\/produto\/snap-fill-para-modelos-canon-hp-seringa\/","title":{"rendered":"Snap Fill Para Modelos Canon\/Hp + Seringa"},"content":{"rendered":"<section class=\"main-section item-description \">\n<div id=\"description-includes\" class=\"item-description__content \">\n<div class=\"item-description__text\">\n<p>Fez a recarga do seu Cartucho e a Tinta n\u00e3o desce? Precisa esperar algumas horas para a Tinta descer? Pois \u00e9, este problema acontece com frequ\u00eancia para quem faz a recarga dos Cartuchos HP, Lexmark ou Canon. A solu\u00e7\u00e3o para este caso \u00e9 o uso deste Snap Fill. Com ele voc\u00ea ter\u00e1 duas \u00f3timas solu\u00e7\u00f5es em um mesmo processo!<\/p>\n<p>Especifica\u00e7\u00f5es T\u00e9cnicas<\/p>\n<p>Modelo: S\u00e9rie 3000<br \/>\nCor: Preto<br \/>\nCartuchos Compat\u00edveis: HP 21, HP 22, HP 74, HP 75, HP 56, HP 57, HP 60, HP 92, HP 96, HP94, HP 96, HP 122, HP 26, HP 27, HP 28, HP 662, HP 901, Lexmark 16, Lexmark 26, Canon CL-141, Canon CL-211, Canon CL-146, Canon PG-210, Canon PG-40, Canon PG-145, Canon PG-211, Canon PG-50, Canon CL-31, Canon PG-30 e Canon CL-41.<br \/>\nPronto para uso: Sim<br \/>\nGarantia: 3 meses<\/p>\n<p>Conte\u00fado da embalagem<\/p>\n<p>01 Snap Fill Universal HP | Lexmark | Canon<br \/>\n01 Seringa Hipod\u00e9rmica Descarpack Est\u00e9ril Bico Slip 10ml<\/p>\n<p>Observa\u00e7\u00f5es<\/p>\n<p>1 &#8211; Caso n\u00e3o tenha encontrado seu Cartucho na compatibilidade acima, consulte-nos.<br \/>\n2 &#8211; O rendimento de impress\u00e3o pode variar conforme tipo de utiliza\u00e7\u00e3o de cada usu\u00e1rio.<br \/>\n3 &#8211; Imagem ilustrativa.<\/p>\n<\/div>\n<\/div>\n<\/section>\n<section id=\"reviewsCard\" class=\"vip-section-reviews ui-view-more main-section main-section--gradient\">\n<div class=\"vip-card\">\n<h2 class=\"main-section__title\"><\/h2>\n<\/div>\n<\/section>\n","protected":false},"excerpt":{"rendered":"<section class=\"main-section item-description \">\n<div id=\"description-includes\" class=\"item-description__content \">\n<div class=\"item-description__text\">\n<p>Fez a recarga do seu Cartucho e a Tinta n\u00e3o desce? Precisa esperar algumas horas para a Tinta descer? Pois \u00e9, este problema acontece com frequ\u00eancia para quem faz a recarga dos Cartuchos HP, Lexmark ou Canon. A solu\u00e7\u00e3o para este caso \u00e9 o uso deste Snap Fill. Com ele voc\u00ea ter\u00e1 duas \u00f3timas solu\u00e7\u00f5es em um mesmo processo!<\/p>\n<p>Especifica\u00e7\u00f5es T\u00e9cnicas<\/p>\n<p>Modelo: S\u00e9rie 3000<br \/>\nCor: Preto<br \/>\nCartuchos Compat\u00edveis: HP 21, HP 22, HP 74, HP 75, HP 56, HP 57, HP 60, HP 92, HP 96, HP94, HP 96, HP 122, HP 26, HP 27, HP 28, HP 662, HP 901, Lexmark 16, Lexmark 26, Canon CL-141, Canon CL-211, Canon CL-146, Canon PG-210, Canon PG-40, Canon PG-145, Canon PG-211, Canon PG-50, Canon CL-31, Canon PG-30 e Canon CL-41.<br \/>\nPronto para uso: Sim<br \/>\nGarantia: 3 meses<\/p>\n<p>Conte\u00fado da embalagem<\/p>\n<p>01 Snap Fill Universal HP | Lexmark | Canon<br \/>\n01 Seringa Hipod\u00e9rmica Descarpack Est\u00e9ril Bico Slip 10ml<\/p>\n<p>Observa\u00e7\u00f5es<\/p>\n<p>1 &#8211; Caso n\u00e3o tenha encontrado seu Cartucho na compatibilidade acima, consulte-nos.<br \/>\n2 &#8211; O rendimento de impress\u00e3o pode variar conforme tipo de utiliza\u00e7\u00e3o de cada usu\u00e1rio.<br \/>\n3 &#8211; Imagem ilustrativa.<\/p>\n<\/div>\n<\/div>\n<\/section>\n<section id=\"reviewsCard\" class=\"vip-section-reviews ui-view-more main-section main-section--gradient\">\n<div class=\"vip-card\">\n<h2 class=\"main-section__title\"><\/h2>\n<\/div>\n<\/section>\n","protected":false},"featured_media":2936,"comment_status":"open","ping_status":"closed","template":"","meta":[],"product_cat":[252],"product_tag":[],"_links":{"self":[{"href":"https:\/\/www.bsbprint.com.br\/loja\/wp-json\/wp\/v2\/product\/2935"}],"collection":[{"href":"https:\/\/www.bsbprint.com.br\/loja\/wp-json\/wp\/v2\/product"}],"about":[{"href":"https:\/\/www.bsbprint.com.br\/loja\/wp-json\/wp\/v2\/types\/product"}],"replies":[{"embeddable":true,"href":"https:\/\/www.bsbprint.com.br\/loja\/wp-json\/wp\/v2\/comments?post=2935"}],"wp:featuredmedia":[{"embeddable":true,"href":"https:\/\/www.bsbprint.com.br\/loja\/wp-json\/wp\/v2\/media\/2936"}],"wp:attachment":[{"href":"https:\/\/www.bsbprint.com.br\/loja\/wp-json\/wp\/v2\/media?parent=2935"}],"wp:term":[{"taxonomy":"product_cat","embeddable":true,"href":"https:\/\/www.bsbprint.com.br\/loja\/wp-json\/wp\/v2\/product_cat?post=2935"},{"taxonomy":"product_tag","embeddable":true,"href":"https:\/\/www.bsbprint.com.br\/loja\/wp-json\/wp\/v2\/product_tag?post=2935"}],"curies":[{"name":"wp","href":"https:\/\/api.w.org\/{rel}","templated":true}]}}