{"id":2937,"date":"2018-08-23T02:49:00","date_gmt":"2018-08-23T02:49:00","guid":{"rendered":"https:\/\/www.bsbprint.com.br\/loja\/?post_type=product&#038;p=2937"},"modified":"2018-08-23T02:49:00","modified_gmt":"2018-08-23T02:49:00","slug":"bulk-ink-epson-xp-241-chave-de-desbloqueio-envio-24hs","status":"publish","type":"product","link":"https:\/\/www.bsbprint.com.br\/loja\/produto\/bulk-ink-epson-xp-241-chave-de-desbloqueio-envio-24hs\/","title":{"rendered":"Bulk Ink Epson Xp-241 + Chave De Desbloqueio Envio 24hs"},"content":{"rendered":"<p>PRODUTO:<br \/>\nFa\u00e7a Voc\u00ea Mesmo O Seu Kit Bulk Ink Epson Xp241 Acompanhado com 400ml de Tinta Corante + Chave de Desbloqueio.<\/p>\n<p>TERMO DE RESPONSABILIDADE:<br \/>\nN\u00c3O NOS RESPONSABILIZAMOS PELO USO DE OUTRAS TINTAS, QUE N\u00c3O SEJA DE NOSSA EMPRESA CIA DO BULK. A GARANTIA N\u00c3O COBRE MAU USO DO PRODUTO, OU DO EQUIPAMENTO.<\/p>\n<p>ITENS:<br \/>\n&#8211; Chave de Desbloqueio;<br \/>\n&#8211; Reservat\u00f3rio 100ml Cada Cor;<br \/>\n&#8211; Kit Com 4 Cartuchos Sem Chip;<br \/>\n&#8211; 1 Seringas<br \/>\n&#8211; 1 Presilha de Fixa\u00e7\u00e3o em T<br \/>\n&#8211; 2 Presilhas de Fixa\u00e7\u00e3o das Mangueiras<br \/>\n&#8211; Tintas Corante 400ml, sendo 100ml de cada cor (Black, Yellow, Magenta, Cyan).<\/p>\n<p>ATEN\u00c7\u00c3O:<\/p>\n<p>Esse novo destravamento n\u00e3o utiliza mais chip!<br \/>\nOBS: ENVIO DA CHAVE DE DESBLOQUEIO EM AT\u00c9 24 HORAS \u00c1POS RECEBER PRODUTO. VIA E-MAIL OU WHTASAPP<\/p>\n","protected":false},"excerpt":{"rendered":"<p>PRODUTO:<br \/>\nFa\u00e7a Voc\u00ea Mesmo O Seu Kit Bulk Ink Epson Xp241 Acompanhado com 400ml de Tinta Corante + Chave de Desbloqueio.<\/p>\n<p>TERMO DE RESPONSABILIDADE:<br \/>\nN\u00c3O NOS RESPONSABILIZAMOS PELO USO DE OUTRAS TINTAS, QUE N\u00c3O SEJA DE NOSSA EMPRESA CIA DO BULK. A GARANTIA N\u00c3O COBRE MAU USO DO PRODUTO, OU DO EQUIPAMENTO.<\/p>\n<p>ITENS:<br \/>\n&#8211; Chave de Desbloqueio;<br \/>\n&#8211; Reservat\u00f3rio 100ml Cada Cor;<br \/>\n&#8211; Kit Com 4 Cartuchos Sem Chip;<br \/>\n&#8211; 1 Seringas<br \/>\n&#8211; 1 Presilha de Fixa\u00e7\u00e3o em T<br \/>\n&#8211; 2 Presilhas de Fixa\u00e7\u00e3o das Mangueiras<br \/>\n&#8211; Tintas Corante 400ml, sendo 100ml de cada cor (Black, Yellow, Magenta, Cyan).<\/p>\n<p>ATEN\u00c7\u00c3O:<\/p>\n<p>Esse novo destravamento n\u00e3o utiliza mais chip!<br \/>\nOBS: ENVIO DA CHAVE DE DESBLOQUEIO EM AT\u00c9 24 HORAS \u00c1POS RECEBER PRODUTO. VIA E-MAIL OU WHTASAPP<\/p>\n","protected":false},"featured_media":2938,"comment_status":"open","ping_status":"closed","template":"","meta":[],"product_cat":[222],"product_tag":[],"_links":{"self":[{"href":"https:\/\/www.bsbprint.com.br\/loja\/wp-json\/wp\/v2\/product\/2937"}],"collection":[{"href":"https:\/\/www.bsbprint.com.br\/loja\/wp-json\/wp\/v2\/product"}],"about":[{"href":"https:\/\/www.bsbprint.com.br\/loja\/wp-json\/wp\/v2\/types\/product"}],"replies":[{"embeddable":true,"href":"https:\/\/www.bsbprint.com.br\/loja\/wp-json\/wp\/v2\/comments?post=2937"}],"wp:featuredmedia":[{"embeddable":true,"href":"https:\/\/www.bsbprint.com.br\/loja\/wp-json\/wp\/v2\/media\/2938"}],"wp:attachment":[{"href":"https:\/\/www.bsbprint.com.br\/loja\/wp-json\/wp\/v2\/media?parent=2937"}],"wp:term":[{"taxonomy":"product_cat","embeddable":true,"href":"https:\/\/www.bsbprint.com.br\/loja\/wp-json\/wp\/v2\/product_cat?post=2937"},{"taxonomy":"product_tag","embeddable":true,"href":"https:\/\/www.bsbprint.com.br\/loja\/wp-json\/wp\/v2\/product_tag?post=2937"}],"curies":[{"name":"wp","href":"https:\/\/api.w.org\/{rel}","templated":true}]}}